{"id":975,"date":"2025-04-16T14:08:04","date_gmt":"2025-04-16T14:08:04","guid":{"rendered":"https:\/\/aviatorafrica.com\/predictor\/"},"modified":"2025-12-15T11:59:48","modified_gmt":"2025-12-15T11:59:48","slug":"predicteur","status":"publish","type":"page","link":"https:\/\/aviatorafrica.com\/fr\/predicteur\/","title":{"rendered":"Pr\u00e9dicteur"},"content":{"rendered":"","protected":false},"excerpt":{"rendered":"","protected":false},"author":1,"featured_media":0,"parent":0,"menu_order":0,"comment_status":"closed","ping_status":"closed","template":"views\/page-home.php","meta":{"footnotes":""},"class_list":["post-975","page","type-page","status-publish","hentry"],"acf":[],"yoast_head":"<!-- This site is optimized with the Yoast SEO plugin v24.4 - https:\/\/yoast.com\/wordpress\/plugins\/seo\/ -->\n<title>Comment pr\u00e9dire Aviator Signal \u2013\u00a0Conseils sur les bots et les jeux<\/title>\n<meta name=\"description\" content=\"Vous souhaitez pr\u00e9dire les signaux d&#039;Aviator comme un pro\u00a0? Apprenez \u00e0 utiliser des bots, \u00e0 lire les signaux et \u00e0 appliquer des formules simples pour augmenter vos chances sur des plateformes comme 1xBet et Mozzart.\" \/>\n<meta name=\"robots\" content=\"index, follow, max-snippet:-1, max-image-preview:large, max-video-preview:-1\" \/>\n<link rel=\"canonical\" href=\"https:\/\/aviatorafrica.com\/fr\/predicteur\/\" \/>\n<meta property=\"og:locale\" content=\"fr_FR\" \/>\n<meta property=\"og:type\" content=\"article\" \/>\n<meta property=\"og:url\" content=\"https:\/\/aviatorafrica.com\/fr\/predicteur\/\" \/>\n<meta property=\"og:site_name\" content=\"aviator\" \/>\n<meta property=\"article:modified_time\" content=\"2025-12-15T11:59:48+00:00\" \/>\n<meta name=\"twitter:card\" content=\"summary_large_image\" \/>\n<script type=\"application\/ld+json\" class=\"yoast-schema-graph\">{\"@context\":\"https:\/\/schema.org\",\"@graph\":[{\"@type\":\"WebPage\",\"@id\":\"https:\/\/aviatorafrica.com\/fr\/predicteur\/\",\"url\":\"https:\/\/aviatorafrica.com\/fr\/predicteur\/\",\"name\":\"Comment pr\u00e9dire Aviator Signal \u2013\u00a0Conseils sur les bots et les jeux\",\"isPartOf\":{\"@id\":\"https:\/\/aviatorafrica.com\/fr\/#website\"},\"datePublished\":\"2025-04-16T14:08:04+00:00\",\"dateModified\":\"2025-12-15T11:59:48+00:00\",\"description\":\"Vous souhaitez pr\u00e9dire les signaux d'Aviator comme un pro\u00a0? Apprenez \u00e0 utiliser des bots, \u00e0 lire les signaux et \u00e0 appliquer des formules simples pour augmenter vos chances sur des plateformes comme 1xBet et Mozzart.\",\"breadcrumb\":{\"@id\":\"https:\/\/aviatorafrica.com\/fr\/predicteur\/#breadcrumb\"},\"inLanguage\":\"fr-FR\",\"potentialAction\":[{\"@type\":\"ReadAction\",\"target\":[\"https:\/\/aviatorafrica.com\/fr\/predicteur\/\"]}]},{\"@type\":\"BreadcrumbList\",\"@id\":\"https:\/\/aviatorafrica.com\/fr\/predicteur\/#breadcrumb\",\"itemListElement\":[{\"@type\":\"ListItem\",\"position\":1,\"name\":\"Home\",\"item\":\"https:\/\/aviatorafrica.com\/fr\/\"},{\"@type\":\"ListItem\",\"position\":2,\"name\":\"Pr\u00e9dicteur\"}]},{\"@type\":\"WebSite\",\"@id\":\"https:\/\/aviatorafrica.com\/fr\/#website\",\"url\":\"https:\/\/aviatorafrica.com\/fr\/\",\"name\":\"aviator\",\"description\":\"\",\"potentialAction\":[{\"@type\":\"SearchAction\",\"target\":{\"@type\":\"EntryPoint\",\"urlTemplate\":\"https:\/\/aviatorafrica.com\/fr\/?s={search_term_string}\"},\"query-input\":{\"@type\":\"PropertyValueSpecification\",\"valueRequired\":true,\"valueName\":\"search_term_string\"}}],\"inLanguage\":\"fr-FR\"}]}<\/script>\n<!-- \/ Yoast SEO plugin. -->","yoast_head_json":{"title":"Comment pr\u00e9dire Aviator Signal \u2013\u00a0Conseils sur les bots et les jeux","description":"Vous souhaitez pr\u00e9dire les signaux d'Aviator comme un pro\u00a0? Apprenez \u00e0 utiliser des bots, \u00e0 lire les signaux et \u00e0 appliquer des formules simples pour augmenter vos chances sur des plateformes comme 1xBet et Mozzart.","robots":{"index":"index","follow":"follow","max-snippet":"max-snippet:-1","max-image-preview":"max-image-preview:large","max-video-preview":"max-video-preview:-1"},"canonical":"https:\/\/aviatorafrica.com\/fr\/predicteur\/","og_locale":"fr_FR","og_type":"article","og_url":"https:\/\/aviatorafrica.com\/fr\/predicteur\/","og_site_name":"aviator","article_modified_time":"2025-12-15T11:59:48+00:00","twitter_card":"summary_large_image","schema":{"@context":"https:\/\/schema.org","@graph":[{"@type":"WebPage","@id":"https:\/\/aviatorafrica.com\/fr\/predicteur\/","url":"https:\/\/aviatorafrica.com\/fr\/predicteur\/","name":"Comment pr\u00e9dire Aviator Signal \u2013\u00a0Conseils sur les bots et les jeux","isPartOf":{"@id":"https:\/\/aviatorafrica.com\/fr\/#website"},"datePublished":"2025-04-16T14:08:04+00:00","dateModified":"2025-12-15T11:59:48+00:00","description":"Vous souhaitez pr\u00e9dire les signaux d'Aviator comme un pro\u00a0? Apprenez \u00e0 utiliser des bots, \u00e0 lire les signaux et \u00e0 appliquer des formules simples pour augmenter vos chances sur des plateformes comme 1xBet et Mozzart.","breadcrumb":{"@id":"https:\/\/aviatorafrica.com\/fr\/predicteur\/#breadcrumb"},"inLanguage":"fr-FR","potentialAction":[{"@type":"ReadAction","target":["https:\/\/aviatorafrica.com\/fr\/predicteur\/"]}]},{"@type":"BreadcrumbList","@id":"https:\/\/aviatorafrica.com\/fr\/predicteur\/#breadcrumb","itemListElement":[{"@type":"ListItem","position":1,"name":"Home","item":"https:\/\/aviatorafrica.com\/fr\/"},{"@type":"ListItem","position":2,"name":"Pr\u00e9dicteur"}]},{"@type":"WebSite","@id":"https:\/\/aviatorafrica.com\/fr\/#website","url":"https:\/\/aviatorafrica.com\/fr\/","name":"aviator","description":"","potentialAction":[{"@type":"SearchAction","target":{"@type":"EntryPoint","urlTemplate":"https:\/\/aviatorafrica.com\/fr\/?s={search_term_string}"},"query-input":{"@type":"PropertyValueSpecification","valueRequired":true,"valueName":"search_term_string"}}],"inLanguage":"fr-FR"}]}},"_links":{"self":[{"href":"https:\/\/aviatorafrica.com\/fr\/wp-json\/wp\/v2\/pages\/975"}],"collection":[{"href":"https:\/\/aviatorafrica.com\/fr\/wp-json\/wp\/v2\/pages"}],"about":[{"href":"https:\/\/aviatorafrica.com\/fr\/wp-json\/wp\/v2\/types\/page"}],"author":[{"embeddable":true,"href":"https:\/\/aviatorafrica.com\/fr\/wp-json\/wp\/v2\/users\/1"}],"replies":[{"embeddable":true,"href":"https:\/\/aviatorafrica.com\/fr\/wp-json\/wp\/v2\/comments?post=975"}],"version-history":[{"count":5,"href":"https:\/\/aviatorafrica.com\/fr\/wp-json\/wp\/v2\/pages\/975\/revisions"}],"predecessor-version":[{"id":1193,"href":"https:\/\/aviatorafrica.com\/fr\/wp-json\/wp\/v2\/pages\/975\/revisions\/1193"}],"wp:attachment":[{"href":"https:\/\/aviatorafrica.com\/fr\/wp-json\/wp\/v2\/media?parent=975"}],"curies":[{"name":"wp","href":"https:\/\/api.w.org\/{rel}","templated":true}]}}